{"id":92,"date":"2020-08-20T20:17:11","date_gmt":"2020-08-20T18:17:11","guid":{"rendered":"http:\/\/212.227.200.129\/?page_id=92"},"modified":"2024-05-08T08:39:14","modified_gmt":"2024-05-08T06:39:14","slug":"impressum","status":"publish","type":"page","link":"https:\/\/www.fahrradstadt-pforzheim.de\/index.php\/impressum\/","title":{"rendered":"Impressum"},"content":{"rendered":"\n<h4>Angaben gem\u00e4\u00df \u00a7 5 TMG:<\/h4>\n\n\n\n<p><strong>Herausgeber:<\/strong><\/p>\n\n\n\n<p>Christine Fischer<br>Bahnhofstr.5<br>75236 K\u00e4mpfelbach<\/p>\n\n\n\n<p>Peter Heissenberger<br>Lisztstr. 23<br>75179 Pforzheim<\/p>\n\n\n\n<p><a href=\"https:\/\/www.maeschke.com\">Martin M\u00e4schke<\/a><br>Karl Jaspers Weg 4<br>75175 Pforzheim<\/p>\n\n\n\n<p><strong>Haftungshinweis<\/strong><\/p>\n\n\n\n<p>Trotz sorgf\u00e4ltiger inhaltlicher Kontrolle \u00fcbernehmen wir keine Haftung f\u00fcr die Inhalte externer Links. F\u00fcr den Inhalt der verlinkten Seiten sind ausschlie\u00dflich deren Betreiber verantwortlich.<\/p>\n","protected":false},"excerpt":{"rendered":"<p>Angaben gem\u00e4\u00df \u00a7 5 TMG: Herausgeber: Christine FischerBahnhofstr.575236 K\u00e4mpfelbach Peter HeissenbergerLisztstr. 2375179 Pforzheim Martin M\u00e4schkeKarl Jaspers Weg 475175 Pforzheim Haftungshinweis Trotz sorgf\u00e4ltiger inhaltlicher Kontrolle \u00fcbernehmen wir keine Haftung f\u00fcr die Inhalte externer Links. F\u00fcr den Inhalt der verlinkten Seiten sind ausschlie\u00dflich deren Betreiber verantwortlich.<\/p>\n","protected":false},"author":7,"featured_media":0,"parent":0,"menu_order":0,"comment_status":"closed","ping_status":"closed","template":"","meta":[],"_links":{"self":[{"href":"https:\/\/www.fahrradstadt-pforzheim.de\/index.php\/wp-json\/wp\/v2\/pages\/92"}],"collection":[{"href":"https:\/\/www.fahrradstadt-pforzheim.de\/index.php\/wp-json\/wp\/v2\/pages"}],"about":[{"href":"https:\/\/www.fahrradstadt-pforzheim.de\/index.php\/wp-json\/wp\/v2\/types\/page"}],"author":[{"embeddable":true,"href":"https:\/\/www.fahrradstadt-pforzheim.de\/index.php\/wp-json\/wp\/v2\/users\/7"}],"replies":[{"embeddable":true,"href":"https:\/\/www.fahrradstadt-pforzheim.de\/index.php\/wp-json\/wp\/v2\/comments?post=92"}],"version-history":[{"count":3,"href":"https:\/\/www.fahrradstadt-pforzheim.de\/index.php\/wp-json\/wp\/v2\/pages\/92\/revisions"}],"predecessor-version":[{"id":2513,"href":"https:\/\/www.fahrradstadt-pforzheim.de\/index.php\/wp-json\/wp\/v2\/pages\/92\/revisions\/2513"}],"wp:attachment":[{"href":"https:\/\/www.fahrradstadt-pforzheim.de\/index.php\/wp-json\/wp\/v2\/media?parent=92"}],"curies":[{"name":"wp","href":"https:\/\/api.w.org\/{rel}","templated":true}]}}